{"id":40,"date":"2026-04-20T12:07:48","date_gmt":"2026-04-20T12:07:48","guid":{"rendered":"https:\/\/yogaolgamenal.com\/escola\/?page_id=40"},"modified":"2026-04-23T10:22:10","modified_gmt":"2026-04-23T10:22:10","slug":"precios-y-condiciones","status":"publish","type":"page","link":"https:\/\/yogaolgamenal.com\/escola\/precios-y-condiciones\/","title":{"rendered":"PRECIOS Y CONDICIONES"},"content":{"rendered":"\t\t<div data-elementor-type=\"wp-page\" data-elementor-id=\"40\" class=\"elementor elementor-40\">\n\t\t\t\t<div class=\"elementor-element elementor-element-3344dc0a e-flex e-con-boxed e-con e-parent\" data-id=\"3344dc0a\" data-element_type=\"container\" data-e-type=\"container\">\n\t\t\t\t\t<div class=\"e-con-inner\">\n\t\t\t\t<div class=\"elementor-element elementor-element-3c15a5da elementor-widget elementor-widget-text-editor\" data-id=\"3c15a5da\" data-element_type=\"widget\" data-e-type=\"widget\" data-widget_type=\"text-editor.default\">\n\t\t\t\t\t\t\t\t\t\n<p><strong>Precios:<\/strong><\/p>\n\n<p>Clases en grupo \u00a0 \u00a0 \u00a0 \u00a0 \u00a0 \u00a0 \u00a0 \u00a0 \u00a0 \u00a0 \u00a0 \u00a0 \u00a0 \u00a0\u00a0 50 \u20ac \/ mes \u00a0 (no hay matr\u00edcula)<\/p>\n\n<p>Clases individuales\u00a0 \u00a0 \u00a0 \u00a0 \u00a0 \u00a0 \u00a0 \u00a0 \u00a0 \u00a0 \u00a0 \u00a0 60 \u20ac \/ clase de una hora.<\/p>\n\n<p>Meditaci\u00f3n\u00a0\u00a0\u00a0\u00a0\u00a0\u00a0\u00a0\u00a0 \u00a0 \u00a0 \u00a0 \u00a0 \u00a0 \u00a0 \u00a0\u00a0 \u00a0\u00a0\u00a0\u00a0\u00a0\u00a0\u00a0\u00a0\u00a0\u00a0\u00a0\u00a0\u00a0\u00a0 60 \u20ac \/ 5 clases consecutivas. <br \/><br \/>Alumnos de Yoga en grupo, 25 % de descuento.<\/p>\n\n<p>\u00a0<\/p>\n\n<p><strong>Condiciones para las clases en grupo e individuales:<\/strong><\/p>\n\n<ul class=\"wp-block-list\">\n<li>Hay que concertar una entrevista al inscribirse.<\/li>\n\n<li>Puedes venir a una clase de prueba gratuita.<\/li>\n\n<li>El alumno de las clases en grupo tiene derecho a asistir a una clase semanal. Tiene que elegir un horario. Si hay plaza disponible, puede venir a otro horario, o a mas clases.<\/li>\n\n<li>Cada mes se cambia de pr\u00e1ctica y se da una hoja con la pr\u00e1ctica, donde puedes anotar las modificaciones personalizadas que te hagan falta.<\/li>\n\n<li>La primera semana del mes, se explica la pr\u00e1ctica y algunas de las posturas con detalle y se dan las indicaciones y adaptaciones pertinentes, porque puedas practicar sin riesgo y sacar el m\u00e1ximo provecho.<\/li>\n\n<li>Si tienes cualquier dolor o problema de salud, notif\u00edcalo antes de la clase.<\/li>\n\n<li>Hay clase durante diez meses al a\u00f1o.<\/li>\n\n<li>No hay clase desde el 24 de Diciembre hasta el 6 de Enero, ni por Semana Santa, ni el 23 de Junio por la tarde. Julio y Agosto, no hay classes.<\/li>\n\n<li>Durante el a\u00f1o se abonar\u00e1n 10 mensualidades. La mensualidad se abonar\u00e1 la primera semana del mes.<\/li>\n\n<li>Las bajas se notificar\u00e1n antes de acabar el \u00faltimo mes de asistencia.<\/li>\n\n<li>Las clases individuales, son a horas concertadas. Se abonar\u00e1n al hacer la reserva de la clase.<\/li>\n\n<li>La falta de asistencia no exime del pago de la actividad.<\/li>\n\n<li>Por el buen funcionamiento de las clases, se puntual e intenta asistir a clase con regularidad. Si llegas tarde, entra con discreci\u00f3n.<\/li>\n\n<li>Trae ropa c\u00f3moda que te permita todo tipo de movimientos. Para practicar, dispones de una toalla de la Escuela que es de uso personal. Cu\u00e1nto te parezca conveniente, la dejas para lavar (no te lo lleves en casa) y coges una de limpia.<\/li>\n\n<li>No nos hacemos responsables de nada que dejes en la Escuela ni de los objeto perdidos.<\/li>\n<\/ul>\n\t\t\t\t\t\t\t\t<\/div>\n\t\t\t\t\t<\/div>\n\t\t\t\t<\/div>\n\t\t\t\t<\/div>\n\t\t","protected":false},"excerpt":{"rendered":"<p>Precios: Clases en grupo \u00a0 \u00a0 \u00a0 \u00a0 \u00a0 \u00a0 \u00a0 \u00a0 \u00a0 \u00a0 \u00a0 \u00a0 \u00a0 \u00a0\u00a0 50 \u20ac \/ mes \u00a0 (no hay matr\u00edcula) Clases individuales\u00a0 \u00a0 \u00a0 \u00a0 \u00a0 \u00a0 \u00a0 \u00a0 \u00a0 \u00a0 \u00a0 \u00a0 60 \u20ac \/ clase de una hora. Meditaci\u00f3n\u00a0\u00a0\u00a0\u00a0\u00a0\u00a0\u00a0\u00a0 \u00a0 \u00a0 \u00a0 \u00a0 \u00a0 \u00a0 \u00a0\u00a0 \u00a0\u00a0\u00a0\u00a0\u00a0\u00a0\u00a0\u00a0\u00a0\u00a0\u00a0\u00a0\u00a0\u00a0 [&hellip;]<\/p>\n","protected":false},"author":1,"featured_media":0,"parent":0,"menu_order":0,"comment_status":"closed","ping_status":"closed","template":"","meta":{"ocean_post_layout":"","ocean_both_sidebars_style":"","ocean_both_sidebars_content_width":0,"ocean_both_sidebars_sidebars_width":0,"ocean_sidebar":"","ocean_second_sidebar":"","ocean_disable_margins":"enable","ocean_add_body_class":"","ocean_shortcode_before_top_bar":"","ocean_shortcode_after_top_bar":"","ocean_shortcode_before_header":"","ocean_shortcode_after_header":"","ocean_has_shortcode":"","ocean_shortcode_after_title":"","ocean_shortcode_before_footer_widgets":"","ocean_shortcode_after_footer_widgets":"","ocean_shortcode_before_footer_bottom":"","ocean_shortcode_after_footer_bottom":"","ocean_display_top_bar":"default","ocean_display_header":"default","ocean_header_style":"","ocean_center_header_left_menu":"","ocean_custom_header_template":"","ocean_custom_logo":0,"ocean_custom_retina_logo":0,"ocean_custom_logo_max_width":0,"ocean_custom_logo_tablet_max_width":0,"ocean_custom_logo_mobile_max_width":0,"ocean_custom_logo_max_height":0,"ocean_custom_logo_tablet_max_height":0,"ocean_custom_logo_mobile_max_height":0,"ocean_header_custom_menu":"","ocean_menu_typo_font_family":"","ocean_menu_typo_font_subset":"","ocean_menu_typo_font_size":0,"ocean_menu_typo_font_size_tablet":0,"ocean_menu_typo_font_size_mobile":0,"ocean_menu_typo_font_size_unit":"px","ocean_menu_typo_font_weight":"","ocean_menu_typo_font_weight_tablet":"","ocean_menu_typo_font_weight_mobile":"","ocean_menu_typo_transform":"","ocean_menu_typo_transform_tablet":"","ocean_menu_typo_transform_mobile":"","ocean_menu_typo_line_height":0,"ocean_menu_typo_line_height_tablet":0,"ocean_menu_typo_line_height_mobile":0,"ocean_menu_typo_line_height_unit":"","ocean_menu_typo_spacing":0,"ocean_menu_typo_spacing_tablet":0,"ocean_menu_typo_spacing_mobile":0,"ocean_menu_typo_spacing_unit":"","ocean_menu_link_color":"","ocean_menu_link_color_hover":"","ocean_menu_link_color_active":"","ocean_menu_link_background":"","ocean_menu_link_hover_background":"","ocean_menu_link_active_background":"","ocean_menu_social_links_bg":"","ocean_menu_social_hover_links_bg":"","ocean_menu_social_links_color":"","ocean_menu_social_hover_links_color":"","ocean_disable_title":"default","ocean_disable_heading":"default","ocean_post_title":"","ocean_post_subheading":"","ocean_post_title_style":"","ocean_post_title_background_color":"","ocean_post_title_background":0,"ocean_post_title_bg_image_position":"","ocean_post_title_bg_image_attachment":"","ocean_post_title_bg_image_repeat":"","ocean_post_title_bg_image_size":"","ocean_post_title_height":0,"ocean_post_title_bg_overlay":0.5,"ocean_post_title_bg_overlay_color":"","ocean_disable_breadcrumbs":"default","ocean_breadcrumbs_color":"","ocean_breadcrumbs_separator_color":"","ocean_breadcrumbs_links_color":"","ocean_breadcrumbs_links_hover_color":"","ocean_display_footer_widgets":"default","ocean_display_footer_bottom":"default","ocean_custom_footer_template":"","footnotes":""},"class_list":["post-40","page","type-page","status-publish","hentry","entry"],"_links":{"self":[{"href":"https:\/\/yogaolgamenal.com\/escola\/wp-json\/wp\/v2\/pages\/40","targetHints":{"allow":["GET"]}}],"collection":[{"href":"https:\/\/yogaolgamenal.com\/escola\/wp-json\/wp\/v2\/pages"}],"about":[{"href":"https:\/\/yogaolgamenal.com\/escola\/wp-json\/wp\/v2\/types\/page"}],"author":[{"embeddable":true,"href":"https:\/\/yogaolgamenal.com\/escola\/wp-json\/wp\/v2\/users\/1"}],"replies":[{"embeddable":true,"href":"https:\/\/yogaolgamenal.com\/escola\/wp-json\/wp\/v2\/comments?post=40"}],"version-history":[{"count":8,"href":"https:\/\/yogaolgamenal.com\/escola\/wp-json\/wp\/v2\/pages\/40\/revisions"}],"predecessor-version":[{"id":879,"href":"https:\/\/yogaolgamenal.com\/escola\/wp-json\/wp\/v2\/pages\/40\/revisions\/879"}],"wp:attachment":[{"href":"https:\/\/yogaolgamenal.com\/escola\/wp-json\/wp\/v2\/media?parent=40"}],"curies":[{"name":"wp","href":"https:\/\/api.w.org\/{rel}","templated":true}]}}